{"id":10,"date":"2016-05-23T18:43:12","date_gmt":"2016-05-23T18:43:12","guid":{"rendered":"http:\/\/odontclass.com.ar\/?page_id=10"},"modified":"2025-04-10T12:58:28","modified_gmt":"2025-04-10T15:58:28","slug":"servicios","status":"publish","type":"page","link":"https:\/\/odontclass.com.ar\/en\/servicios\/","title":{"rendered":"Servicios"},"content":{"rendered":"<h2>Ofrecemos estos servicios con la mejor atenci\u00f3n en un ambiente confortable y con las debidas normas de bioseguridad.<\/h2>\n<ul>\n<li>\n<h1><span style=\"color: #37989b;\"><strong><a style=\"color: #37989b;\" href=\"https:\/\/odontclass.com.ar\/en\/profesionales\/\">Ortodoncia y ortopedia de los maxilares<\/a><\/strong><\/span><\/h1>\n<p><img loading=\"lazy\" decoding=\"async\" class=\"wp-image-714 size-medium\" src=\"https:\/\/odontclass.com.ar\/wp-content\/uploads\/2024\/03\/Ortodoncia-300x177.webp\" alt=\"Brackets Met\u00e1lico Est\u00e9tico \" width=\"300\" height=\"177\" srcset=\"https:\/\/odontclass.com.ar\/wp-content\/uploads\/2024\/03\/Ortodoncia-300x177.webp 300w, https:\/\/odontclass.com.ar\/wp-content\/uploads\/2024\/03\/Ortodoncia-1024x605.webp 1024w, https:\/\/odontclass.com.ar\/wp-content\/uploads\/2024\/03\/Ortodoncia-768x454.webp 768w, https:\/\/odontclass.com.ar\/wp-content\/uploads\/2024\/03\/Ortodoncia-1536x907.webp 1536w, https:\/\/odontclass.com.ar\/wp-content\/uploads\/2024\/03\/Ortodoncia.webp 1900w\" sizes=\"auto, (max-width: 300px) 100vw, 300px\" \/><\/p>\n<p><strong>El tratamiento de ortodoncia <\/strong>se encarga de la correcci\u00f3n de los dientes y huesos posicionados incorrectamente.<\/p>\n<p>* Brackets Met\u00e1licos * Brackets Est\u00e9ticos (Cer\u00e1micos y Zafiro) * Autoligables Met\u00e1licos, * Contenci\u00f3n Fija, Removible * Ortopedia de Maxilares<\/li>\n<li>\n<h1 style=\"text-align: left;\"><span style=\"color: #37989b;\"><a style=\"color: #37989b;\" href=\"https:\/\/odontclass.com.ar\/en\/profesionales\/\"><strong>Implantes dentales<\/strong><\/a><\/span><\/h1>\n<p><img loading=\"lazy\" decoding=\"async\" class=\"wp-image-715 size-medium\" src=\"https:\/\/odontclass.com.ar\/wp-content\/uploads\/2024\/03\/Implantes-300x251.webp\" alt=\"Implantes\" width=\"300\" height=\"251\" srcset=\"https:\/\/odontclass.com.ar\/wp-content\/uploads\/2024\/03\/Implantes-300x251.webp 300w, https:\/\/odontclass.com.ar\/wp-content\/uploads\/2024\/03\/Implantes-1024x858.webp 1024w, https:\/\/odontclass.com.ar\/wp-content\/uploads\/2024\/03\/Implantes-768x644.webp 768w, https:\/\/odontclass.com.ar\/wp-content\/uploads\/2024\/03\/Implantes-1536x1288.webp 1536w, https:\/\/odontclass.com.ar\/wp-content\/uploads\/2024\/03\/Implantes.webp 1880w\" sizes=\"auto, (max-width: 300px) 100vw, 300px\" \/><\/p>\n<p><strong>Los implantes dentales<\/strong> son aditamentos, como ra\u00edces artificiales, creados para sustituir dientes ausentes o perdidos por cualquier causa, capaces de integrarse hasta el punto de convivir de forma sana.<\/p>\n<p>* Implantes Con Regeneraci\u00f3n \u00d3sea * Implantes para Pr\u00f3tesis H\u00edbrida<\/li>\n<li>\n<h1><strong><strong>Pr\u00f3tesis <\/strong>dentales<\/strong><\/h1>\n<p><img loading=\"lazy\" decoding=\"async\" class=\"wp-image-716 size-medium\" src=\"https:\/\/odontclass.com.ar\/wp-content\/uploads\/2024\/03\/Protesis-dentales-300x251.webp\" alt=\"Pr\u00f3tesis dental\" width=\"300\" height=\"251\" srcset=\"https:\/\/odontclass.com.ar\/wp-content\/uploads\/2024\/03\/Protesis-dentales-300x251.webp 300w, https:\/\/odontclass.com.ar\/wp-content\/uploads\/2024\/03\/Protesis-dentales-1024x858.webp 1024w, https:\/\/odontclass.com.ar\/wp-content\/uploads\/2024\/03\/Protesis-dentales-768x644.webp 768w, https:\/\/odontclass.com.ar\/wp-content\/uploads\/2024\/03\/Protesis-dentales-1536x1288.webp 1536w, https:\/\/odontclass.com.ar\/wp-content\/uploads\/2024\/03\/Protesis-dentales.webp 1880w\" sizes=\"auto, (max-width: 300px) 100vw, 300px\" \/><\/p>\n<p>Las <strong>pr\u00f3tesis dentales<\/strong> son reemplazos de dientes perdidos que pueden ser sacados y puestos nuevamente en tu boca.<\/p>\n<p>* Pr\u00f3tesis Fija (Coronas en Porcelana) * Pr\u00f3tesis Removibles de Acr\u00edlico * Pr\u00f3tesis Parcial Removible * Pr\u00f3tesis de Cromo * Pr\u00f3tesis Flexible<\/li>\n<li>\n<h1><strong>Est\u00e9tica Dental<\/strong><\/h1>\n<div id=\"attachment_717\" style=\"width: 310px\" class=\"wp-caption alignnone\"><img loading=\"lazy\" decoding=\"async\" aria-describedby=\"caption-attachment-717\" class=\"wp-image-717 size-medium\" src=\"https:\/\/odontclass.com.ar\/wp-content\/uploads\/2024\/03\/Carillas-dentales-300x251.webp\" alt=\"Carillas\" width=\"300\" height=\"251\" srcset=\"https:\/\/odontclass.com.ar\/wp-content\/uploads\/2024\/03\/Carillas-dentales-300x251.webp 300w, https:\/\/odontclass.com.ar\/wp-content\/uploads\/2024\/03\/Carillas-dentales-1024x858.webp 1024w, https:\/\/odontclass.com.ar\/wp-content\/uploads\/2024\/03\/Carillas-dentales-768x644.webp 768w, https:\/\/odontclass.com.ar\/wp-content\/uploads\/2024\/03\/Carillas-dentales-1536x1288.webp 1536w, https:\/\/odontclass.com.ar\/wp-content\/uploads\/2024\/03\/Carillas-dentales.webp 1880w\" sizes=\"auto, (max-width: 300px) 100vw, 300px\" \/><p id=\"caption-attachment-717\" class=\"wp-caption-text\">Dise\u00f1o de sonrisa<\/p><\/div>\n<p>Las carillas dentales son un recurso de reparaci\u00f3n dental, que permite tapar algunos defectos de forma y color de los dientes, incluyendo la holgura de los espacios interdentales.<\/p>\n<p>* Carillas en Porcelana * Carillas en Composite<\/li>\n<li>\n<h1><strong>Blanqueamiento<\/strong><\/h1>\n<div id=\"attachment_718\" style=\"width: 310px\" class=\"wp-caption alignnone\"><img loading=\"lazy\" decoding=\"async\" aria-describedby=\"caption-attachment-718\" class=\"wp-image-718 size-medium\" src=\"https:\/\/odontclass.com.ar\/wp-content\/uploads\/2024\/03\/Blanqueamiento-300x251.webp\" alt=\"Limpieza profunda\" width=\"300\" height=\"251\" srcset=\"https:\/\/odontclass.com.ar\/wp-content\/uploads\/2024\/03\/Blanqueamiento-300x251.webp 300w, https:\/\/odontclass.com.ar\/wp-content\/uploads\/2024\/03\/Blanqueamiento-1024x858.webp 1024w, https:\/\/odontclass.com.ar\/wp-content\/uploads\/2024\/03\/Blanqueamiento-768x644.webp 768w, https:\/\/odontclass.com.ar\/wp-content\/uploads\/2024\/03\/Blanqueamiento-1536x1288.webp 1536w, https:\/\/odontclass.com.ar\/wp-content\/uploads\/2024\/03\/Blanqueamiento.webp 1880w\" sizes=\"auto, (max-width: 300px) 100vw, 300px\" \/><p id=\"caption-attachment-718\" class=\"wp-caption-text\">Mejora tu sonrisa<\/p><\/div>\n<p>Con el <strong>blanqueamiento<\/strong> dental podr\u00e1s eliminar las manchas producidas por te\u0301, cafe\u0301, tabaco, alimentos, entre otros.<\/p>\n<p>* Tratamiento Profesional * Tratamiento en Casa<\/li>\n<li>\n<h1><strong>Bichectom\u00eda<\/strong><\/h1>\n<p><img loading=\"lazy\" decoding=\"async\" class=\"wp-image-719 size-medium\" src=\"https:\/\/odontclass.com.ar\/wp-content\/uploads\/2024\/03\/Bichectomia-300x300.webp\" alt=\"Bichectomia\" width=\"300\" height=\"300\" srcset=\"https:\/\/odontclass.com.ar\/wp-content\/uploads\/2024\/03\/Bichectomia-300x300.webp 300w, https:\/\/odontclass.com.ar\/wp-content\/uploads\/2024\/03\/Bichectomia-150x150.webp 150w, https:\/\/odontclass.com.ar\/wp-content\/uploads\/2024\/03\/Bichectomia-768x768.webp 768w, https:\/\/odontclass.com.ar\/wp-content\/uploads\/2024\/03\/Bichectomia-250x250.webp 250w, https:\/\/odontclass.com.ar\/wp-content\/uploads\/2024\/03\/Bichectomia-174x174.webp 174w, https:\/\/odontclass.com.ar\/wp-content\/uploads\/2024\/03\/Bichectomia.webp 960w\" sizes=\"auto, (max-width: 300px) 100vw, 300px\" \/><\/p>\n<p>La Bichectom\u00eda tambi\u00e9n conocida como cirug\u00eda de cachetes, es un tratamiento que se realiza de forma ambulatoria para afinar las mejillas y lucir un rostro m\u00e1s delgado.<\/li>\n<li>\n<h1><strong>Ortopedia Maxilar en Ni\u00f1os<\/strong><\/h1>\n<p><img loading=\"lazy\" decoding=\"async\" class=\"wp-image-720 size-medium\" src=\"https:\/\/odontclass.com.ar\/wp-content\/uploads\/2024\/03\/odontopediatria-225x300.webp\" alt=\"Atenci\u00f3n especializada de ni\u00f1os\" width=\"225\" height=\"300\" srcset=\"https:\/\/odontclass.com.ar\/wp-content\/uploads\/2024\/03\/odontopediatria-225x300.webp 225w, https:\/\/odontclass.com.ar\/wp-content\/uploads\/2024\/03\/odontopediatria-768x1024.webp 768w, https:\/\/odontclass.com.ar\/wp-content\/uploads\/2024\/03\/odontopediatria.webp 1000w\" sizes=\"auto, (max-width: 225px) 100vw, 225px\" \/><\/p>\n<p>Contamos con una Doctora especialista en ortodoncia y ortopedia maxilar para ni\u00f1os y adolescentes.<\/p>\n<p>* Selladores Preventivos * Mantenedor de espacio * Aplicaci\u00f3n T\u00f3pica de Fl\u00faor Gel.<\/li>\n<li>\n<h1><strong>Endodoncia<\/strong><\/h1>\n<p><img loading=\"lazy\" decoding=\"async\" class=\"wp-image-722 size-medium\" src=\"https:\/\/odontclass.com.ar\/wp-content\/uploads\/2024\/03\/endodoncia-1-300x120.webp\" alt=\"Endodoncia\" width=\"300\" height=\"120\" srcset=\"https:\/\/odontclass.com.ar\/wp-content\/uploads\/2024\/03\/endodoncia-1-300x120.webp 300w, https:\/\/odontclass.com.ar\/wp-content\/uploads\/2024\/03\/endodoncia-1-768x307.webp 768w, https:\/\/odontclass.com.ar\/wp-content\/uploads\/2024\/03\/endodoncia-1.webp 1000w\" sizes=\"auto, (max-width: 300px) 100vw, 300px\" \/><\/p>\n<p>Tambi\u00e9n conocida como <strong>&#8220;Tratamiento de Conducto&#8221;<\/strong>, la endodoncia se encarga de reparar y salvar un diente gravemente da\u00f1ado o infectado, evitando la extracci\u00f3n del mismo.<\/p>\n<p>* Tratamiento de Conducto * Retratamiento de Conducto<\/li>\n<li>\n<h1><strong>Periodoncia<\/strong><\/h1>\n<p><img loading=\"lazy\" decoding=\"async\" class=\"wp-image-723 size-medium\" src=\"https:\/\/odontclass.com.ar\/wp-content\/uploads\/2024\/03\/Periodoncia-300x251.webp\" alt=\"periodoncia\" width=\"300\" height=\"251\" srcset=\"https:\/\/odontclass.com.ar\/wp-content\/uploads\/2024\/03\/Periodoncia-300x251.webp 300w, https:\/\/odontclass.com.ar\/wp-content\/uploads\/2024\/03\/Periodoncia-1024x858.webp 1024w, https:\/\/odontclass.com.ar\/wp-content\/uploads\/2024\/03\/Periodoncia-768x644.webp 768w, https:\/\/odontclass.com.ar\/wp-content\/uploads\/2024\/03\/Periodoncia-1536x1288.webp 1536w, https:\/\/odontclass.com.ar\/wp-content\/uploads\/2024\/03\/Periodoncia.webp 1880w\" sizes=\"auto, (max-width: 300px) 100vw, 300px\" \/><\/p>\n<p>La <strong>periodoncia<\/strong> se encarga de la prevenci\u00f3n, diagn\u00f3stico y tratamiento de las enfermedades y condiciones que afectan los tejidos que dan soporte a los \u00f3rganos dentarios.<\/p>\n<p>* Terapia B\u00e1sica * Tratamiento periodontales * Alargue de Corona<\/li>\n<li>\n<h1><span style=\"color: #37989b;\"><a style=\"color: #37989b;\" href=\"https:\/\/www.instagram.com\/odont_class\/?hl=es-la\"><strong>Odontolog\u00eda general<\/strong><\/a><\/span><\/h1>\n<div id=\"attachment_724\" style=\"width: 310px\" class=\"wp-caption alignnone\"><img loading=\"lazy\" decoding=\"async\" aria-describedby=\"caption-attachment-724\" class=\"wp-image-724 size-medium\" src=\"https:\/\/odontclass.com.ar\/wp-content\/uploads\/2024\/03\/Odontologia-general-300x251.webp\" alt=\"consultorio odontologico\" width=\"300\" height=\"251\" srcset=\"https:\/\/odontclass.com.ar\/wp-content\/uploads\/2024\/03\/Odontologia-general-300x251.webp 300w, https:\/\/odontclass.com.ar\/wp-content\/uploads\/2024\/03\/Odontologia-general-1024x858.webp 1024w, https:\/\/odontclass.com.ar\/wp-content\/uploads\/2024\/03\/Odontologia-general-768x644.webp 768w, https:\/\/odontclass.com.ar\/wp-content\/uploads\/2024\/03\/Odontologia-general-1536x1288.webp 1536w, https:\/\/odontclass.com.ar\/wp-content\/uploads\/2024\/03\/Odontologia-general.webp 1880w\" sizes=\"auto, (max-width: 300px) 100vw, 300px\" \/><p id=\"caption-attachment-724\" class=\"wp-caption-text\">Consultorio dental<\/p><\/div>\n<p><strong>Somos especialistas en el cuidado de la boca<\/strong> y le brindamos a nuestros pacientes la mejor atenci\u00f3n y servicio.<\/p>\n<p>* Arreglos de caries * Extracciones * Perno y Corona * Limpieza Dental Profunda * Diagn\u00f3stico * Plan de tratamiento<\/p>\n<p>\u00a1Mejoramos tu salud bucal!<\/li>\n<\/ul>","protected":false},"excerpt":{"rendered":"<p>Ofrecemos estos servicios con la mejor atenci\u00f3n en un ambiente confortable y con las debidas normas de bioseguridad. Ortodoncia y ortopedia de los maxilares El tratamiento de ortodoncia se encarga de la correcci\u00f3n de los dientes y huesos posicionados incorrectamente. * Brackets Met\u00e1licos * Brackets Est\u00e9ticos (Cer\u00e1micos y Zafiro) * Autoligables Met\u00e1licos, * Contenci\u00f3n Fija,<a href=\"https:\/\/odontclass.com.ar\/en\/servicios\/\">[&#8230;]<\/a><\/p>\n","protected":false},"author":1,"featured_media":0,"parent":0,"menu_order":0,"comment_status":"closed","ping_status":"closed","template":"template-fullwidth.php","meta":{"footnotes":""},"class_list":["post-10","page","type-page","status-publish","hentry"],"aioseo_notices":[],"_links":{"self":[{"href":"https:\/\/odontclass.com.ar\/en\/wp-json\/wp\/v2\/pages\/10","targetHints":{"allow":["GET"]}}],"collection":[{"href":"https:\/\/odontclass.com.ar\/en\/wp-json\/wp\/v2\/pages"}],"about":[{"href":"https:\/\/odontclass.com.ar\/en\/wp-json\/wp\/v2\/types\/page"}],"author":[{"embeddable":true,"href":"https:\/\/odontclass.com.ar\/en\/wp-json\/wp\/v2\/users\/1"}],"replies":[{"embeddable":true,"href":"https:\/\/odontclass.com.ar\/en\/wp-json\/wp\/v2\/comments?post=10"}],"version-history":[{"count":67,"href":"https:\/\/odontclass.com.ar\/en\/wp-json\/wp\/v2\/pages\/10\/revisions"}],"predecessor-version":[{"id":842,"href":"https:\/\/odontclass.com.ar\/en\/wp-json\/wp\/v2\/pages\/10\/revisions\/842"}],"wp:attachment":[{"href":"https:\/\/odontclass.com.ar\/en\/wp-json\/wp\/v2\/media?parent=10"}],"curies":[{"name":"wp","href":"https:\/\/api.w.org\/{rel}","templated":true}]}}