{"id":12,"date":"2016-05-23T18:43:31","date_gmt":"2016-05-23T18:43:31","guid":{"rendered":"http:\/\/odontclass.com.ar\/?page_id=12"},"modified":"2025-04-10T12:57:29","modified_gmt":"2025-04-10T15:57:29","slug":"profesionales","status":"publish","type":"page","link":"https:\/\/odontclass.com.ar\/en\/profesionales\/","title":{"rendered":"Profesionales"},"content":{"rendered":"<blockquote>\n<h2 style=\"text-align: center;\"><span style=\"text-decoration: underline;\">Doctores<\/span><\/h2>\n<hr \/>\n<h2 style=\"text-align: left;\"><span style=\"color: #37989b;\"><a style=\"color: #37989b;\" href=\"https:\/\/www.linkedin.com\/in\/erika-pe%C3%B1aranda-cury-5a283162\/?originalSubdomain=ar\"><em>Dra. Erika Pe\u00f1aranda Cury<\/em><\/a><\/span><\/h2>\n<div id=\"attachment_711\" style=\"width: 290px\" class=\"wp-caption alignnone\"><img loading=\"lazy\" decoding=\"async\" aria-describedby=\"caption-attachment-711\" class=\"wp-image-711 size-medium\" src=\"https:\/\/odontclass.com.ar\/wp-content\/uploads\/2024\/03\/Erika-280x300.webp\" alt=\"Ortodoncista\" width=\"280\" height=\"300\" srcset=\"https:\/\/odontclass.com.ar\/wp-content\/uploads\/2024\/03\/Erika-280x300.webp 280w, https:\/\/odontclass.com.ar\/wp-content\/uploads\/2024\/03\/Erika-955x1024.webp 955w, https:\/\/odontclass.com.ar\/wp-content\/uploads\/2024\/03\/Erika-768x823.webp 768w, https:\/\/odontclass.com.ar\/wp-content\/uploads\/2024\/03\/Erika-1433x1536.webp 1433w, https:\/\/odontclass.com.ar\/wp-content\/uploads\/2024\/03\/Erika-1910x2048.webp 1910w, https:\/\/odontclass.com.ar\/wp-content\/uploads\/2024\/03\/Erika.webp 2000w\" sizes=\"auto, (max-width: 280px) 100vw, 280px\" \/><p id=\"caption-attachment-711\" class=\"wp-caption-text\">Ortodoncista<\/p><\/div>\n<p style=\"text-align: justify;\"><span style=\"font-size: 14.0pt; font-family: 'Segoe UI',sans-serif;\">La Dra. Erika Pe\u00f1aranda Cury se gradu\u00f3 como Odont\u00f3loga en la Universidad Metropolitana en el 2001, y contando con m\u00e1s de 20 a\u00f1os de experiencia ha seguido perfeccionando sus habilidades con diferentes estudios. En el 2012 se especializ\u00f3 en Ortodoncia y Ortopedia Funcional de los Maxilares en el C\u00edrculo Argentino de Odontolog\u00eda, adem\u00e1s est\u00e1 capacitada en diferentes t\u00e9cnicas como Damon System y otros cursos; cuenta con una especialidad en Gerencia de Servicios de Salud, lo que la capacita para estar frente al staff de Odont Class.<\/span><\/p>\n<hr \/>\n<h2><a title=\"Profesionales\" href=\"https:\/\/odontclass.com.ar\/en\/profesionales\/\"><em><span style=\"color: #37898b;\">Dr. Sebastian Vallejo Aguirre<\/span><\/em><\/a><\/h2>\n<div id=\"attachment_699\" style=\"width: 310px\" class=\"wp-caption alignnone\"><img loading=\"lazy\" decoding=\"async\" aria-describedby=\"caption-attachment-699\" class=\"wp-image-699\" src=\"https:\/\/odontclass.com.ar\/wp-content\/uploads\/2024\/03\/Sebastian.webp\" alt=\"Implantes\" width=\"300\" height=\"400\" srcset=\"https:\/\/odontclass.com.ar\/wp-content\/uploads\/2024\/03\/Sebastian.webp 768w, https:\/\/odontclass.com.ar\/wp-content\/uploads\/2024\/03\/Sebastian-225x300.webp 225w\" sizes=\"auto, (max-width: 300px) 100vw, 300px\" \/><p id=\"caption-attachment-699\" class=\"wp-caption-text\">Implantologo<\/p><\/div>\n<p><span style=\"font-size: 14.0pt; font-family: 'Segoe UI',sans-serif;\">El Dr. Sebastian Vallejo se gradu\u00f3 como Odont\u00f3logo en la Universidad Aut\u00f3noma en el 2012, cuenta con 11 a\u00f1os de experiencia ha seguido perfeccionando sus habilidades con diferentes estudios. En el 2016 se especializ\u00f3 en Implantolog\u00eda oral en la Pontificia Universidad Cat\u00f3lica de Argentina, adem\u00e1s est\u00e1 capacitado en Conocimientos biol\u00f3gicos aplicados para optimizar la pr\u00e1ctica de la odontolog\u00eda.<\/span><\/p><\/blockquote>\n<blockquote>\n<hr \/>\n<\/blockquote>\n<p style=\"text-align: center;\">","protected":false},"excerpt":{"rendered":"<p>Doctores Dra. Erika Pe\u00f1aranda Cury La Dra. Erika Pe\u00f1aranda Cury se gradu\u00f3 como Odont\u00f3loga en la Universidad Metropolitana en el 2001, y contando con m\u00e1s de 20 a\u00f1os de experiencia ha seguido perfeccionando sus habilidades con diferentes estudios. En el 2012 se especializ\u00f3 en Ortodoncia y Ortopedia Funcional de los Maxilares en el C\u00edrculo Argentino<a href=\"https:\/\/odontclass.com.ar\/en\/profesionales\/\">[&#8230;]<\/a><\/p>\n","protected":false},"author":1,"featured_media":0,"parent":0,"menu_order":0,"comment_status":"closed","ping_status":"closed","template":"template-fullwidth.php","meta":{"footnotes":""},"class_list":["post-12","page","type-page","status-publish","hentry"],"aioseo_notices":[],"_links":{"self":[{"href":"https:\/\/odontclass.com.ar\/en\/wp-json\/wp\/v2\/pages\/12","targetHints":{"allow":["GET"]}}],"collection":[{"href":"https:\/\/odontclass.com.ar\/en\/wp-json\/wp\/v2\/pages"}],"about":[{"href":"https:\/\/odontclass.com.ar\/en\/wp-json\/wp\/v2\/types\/page"}],"author":[{"embeddable":true,"href":"https:\/\/odontclass.com.ar\/en\/wp-json\/wp\/v2\/users\/1"}],"replies":[{"embeddable":true,"href":"https:\/\/odontclass.com.ar\/en\/wp-json\/wp\/v2\/comments?post=12"}],"version-history":[{"count":43,"href":"https:\/\/odontclass.com.ar\/en\/wp-json\/wp\/v2\/pages\/12\/revisions"}],"predecessor-version":[{"id":820,"href":"https:\/\/odontclass.com.ar\/en\/wp-json\/wp\/v2\/pages\/12\/revisions\/820"}],"wp:attachment":[{"href":"https:\/\/odontclass.com.ar\/en\/wp-json\/wp\/v2\/media?parent=12"}],"curies":[{"name":"wp","href":"https:\/\/api.w.org\/{rel}","templated":true}]}}