{"id":8,"date":"2016-05-23T18:42:53","date_gmt":"2016-05-23T18:42:53","guid":{"rendered":"http:\/\/odontclass.com.ar\/?page_id=8"},"modified":"2025-04-10T12:52:12","modified_gmt":"2025-04-10T15:52:12","slug":"quienes-somos","status":"publish","type":"page","link":"https:\/\/odontclass.com.ar\/en\/quienes-somos\/","title":{"rendered":"Quienes somos"},"content":{"rendered":"<p>Somos un equipo de odont\u00f3logos con mucha experiencia que nos enfocamos en cuidar los dientes de nuestros pacientes de manera personalizada. Hemos estado haciendo esto por m\u00e1s de 20 a\u00f1os. Nos esforzamos por hacer un buen trabajo y usar nuevas ideas para que nuestros pacientes tengan dientes saludables y bonitos.<\/p>\n<p>Nuestro equipo siempre trabaja de manera honesta y responsable, y nos aseguramos de hacer un buen diagn\u00f3stico antes de planificar cualquier tratamiento dental. Nos esforzamos para mejorar las sonrisas de nuestros pacientes y obtener buenos resultados. Adem\u00e1s, hacemos lo posible para que nuestros pacientes puedan tener citas r\u00e1pidamente. Estamos disponibles de lunes a s\u00e1bado de 9:00 a 13:00 y de 15:00 a 19:00.<\/p>\n<p>Tambi\u00e9n tenemos un plan especial de pago para aquellos que no tienen seguro m\u00e9dico. Trabajamos en un lugar c\u00f3modo y seguimos las reglas de seguridad para proteger a nuestros pacientes.<\/p>\n<div id=\"attachment_706\" style=\"width: 710px\" class=\"wp-caption aligncenter\"><img loading=\"lazy\" decoding=\"async\" aria-describedby=\"caption-attachment-706\" class=\"wp-image-706 size-full\" style=\"color: initial;\" src=\"https:\/\/odontclass.com.ar\/wp-content\/uploads\/2024\/03\/Odontclass2.webp\" alt=\"consultorio odontologico\" width=\"700\" height=\"933\" srcset=\"https:\/\/odontclass.com.ar\/wp-content\/uploads\/2024\/03\/Odontclass2.webp 700w, https:\/\/odontclass.com.ar\/wp-content\/uploads\/2024\/03\/Odontclass2-225x300.webp 225w\" sizes=\"auto, (max-width: 700px) 100vw, 700px\" \/><p id=\"caption-attachment-706\" class=\"wp-caption-text\">consultorio dental<\/p><\/div>\n<p><a href=\"https:\/\/odontclass.com.ar\/en\/contacto\/\"><strong><span style=\"color: #37989b;\">Consultorio dental<\/span><\/strong><\/a><\/p>\n<h1><span style=\"color: #37989b;\"><strong>Nuestra Visi\u00f3n<\/strong>:<\/span><\/h1>\n<blockquote><p><em>Mejorar la calidad de vida de nuestros Pacientes, recuperando su salud oral, dise\u00f1ando una sonrisa con est\u00e9tica y funci\u00f3n.<\/em><\/p><\/blockquote>\n<h1><span style=\"color: #37989b;\"><strong>\u00a0<\/strong><strong>Nuestra Misi\u00f3n<\/strong>:<\/span><\/h1>\n<blockquote><p><em>\u201cSer l\u00edderes en el mercado de la Ortodoncia y tratamientos odontol\u00f3gicos de Argentina, ofreciendo\u00a0 servicios de excelencia, generando bienestar para nuestros pacientes\u201d.<\/em><\/p>\n<div id=\"attachment_521\" style=\"width: 650px\" class=\"wp-caption aligncenter\"><img loading=\"lazy\" decoding=\"async\" aria-describedby=\"caption-attachment-521\" class=\"wp-image-521 size-full\" src=\"https:\/\/odontclass.com.ar\/wp-content\/uploads\/2022\/03\/Mision-vision-valores.webp\" alt=\"Odont Class\" width=\"640\" height=\"427\" srcset=\"https:\/\/odontclass.com.ar\/wp-content\/uploads\/2022\/03\/Mision-vision-valores.webp 640w, https:\/\/odontclass.com.ar\/wp-content\/uploads\/2022\/03\/Mision-vision-valores-300x200.webp 300w\" sizes=\"auto, (max-width: 640px) 100vw, 640px\" \/><p id=\"caption-attachment-521\" class=\"wp-caption-text\"><span style=\"color: #37989b;\"><strong><a style=\"color: #37989b;\" href=\"https:\/\/g.page\/odontclass?share\">Consultorio Odont Class<\/a><\/strong><\/span><\/p><\/div><\/blockquote>","protected":false},"excerpt":{"rendered":"<p>Somos un equipo de odont\u00f3logos con mucha experiencia que nos enfocamos en cuidar los dientes de nuestros pacientes de manera personalizada. Hemos estado haciendo esto por m\u00e1s de 20 a\u00f1os. Nos esforzamos por hacer un buen trabajo y usar nuevas ideas para que nuestros pacientes tengan dientes saludables y bonitos. Nuestro equipo siempre trabaja de<a href=\"https:\/\/odontclass.com.ar\/en\/quienes-somos\/\">[&#8230;]<\/a><\/p>\n","protected":false},"author":1,"featured_media":0,"parent":0,"menu_order":0,"comment_status":"closed","ping_status":"closed","template":"template-fullwidth.php","meta":{"footnotes":""},"class_list":["post-8","page","type-page","status-publish","hentry"],"aioseo_notices":[],"_links":{"self":[{"href":"https:\/\/odontclass.com.ar\/en\/wp-json\/wp\/v2\/pages\/8","targetHints":{"allow":["GET"]}}],"collection":[{"href":"https:\/\/odontclass.com.ar\/en\/wp-json\/wp\/v2\/pages"}],"about":[{"href":"https:\/\/odontclass.com.ar\/en\/wp-json\/wp\/v2\/types\/page"}],"author":[{"embeddable":true,"href":"https:\/\/odontclass.com.ar\/en\/wp-json\/wp\/v2\/users\/1"}],"replies":[{"embeddable":true,"href":"https:\/\/odontclass.com.ar\/en\/wp-json\/wp\/v2\/comments?post=8"}],"version-history":[{"count":44,"href":"https:\/\/odontclass.com.ar\/en\/wp-json\/wp\/v2\/pages\/8\/revisions"}],"predecessor-version":[{"id":707,"href":"https:\/\/odontclass.com.ar\/en\/wp-json\/wp\/v2\/pages\/8\/revisions\/707"}],"wp:attachment":[{"href":"https:\/\/odontclass.com.ar\/en\/wp-json\/wp\/v2\/media?parent=8"}],"curies":[{"name":"wp","href":"https:\/\/api.w.org\/{rel}","templated":true}]}}